{"id":25,"date":"2014-02-05T13:41:05","date_gmt":"2014-02-05T11:41:05","guid":{"rendered":"http:\/\/www.reitverein-griesheim.de\/?page_id=25"},"modified":"2014-02-12T15:38:55","modified_gmt":"2014-02-12T13:38:55","slug":"dressur","status":"publish","type":"page","link":"https:\/\/www.reitverein-griesheim.de\/?page_id=25","title":{"rendered":"Reitanlage"},"content":{"rendered":"<p>Qualifizierten Unterricht in der Dressur gibt es bis zum h\u00f6chsten Niveau. Die Reitlehrerinnen freuen sich \u00fcber engagierte Sch\u00fcler und Sch\u00fclerinnen und unterst\u00fctzen diese auch bei der Turnierteilnahme.<\/p>\n<div id='gallery-1' class='gallery galleryid-25 gallery-columns-3 gallery-size-thumbnail'><dl class='gallery-item'>\n\t\t\t<dt class='gallery-icon portrait'>\n\t\t\t\t<a href='https:\/\/www.reitverein-griesheim.de\/?attachment_id=57'><img loading=\"lazy\" decoding=\"async\" width=\"150\" height=\"150\" src=\"https:\/\/www.reitverein-griesheim.de\/wp-content\/uploads\/2014\/02\/HP1202-150x150.jpg\" class=\"attachment-thumbnail size-thumbnail\" alt=\"\" \/><\/a>\n\t\t\t<\/dt><\/dl><dl class='gallery-item'>\n\t\t\t<dt class='gallery-icon landscape'>\n\t\t\t\t<a href='https:\/\/www.reitverein-griesheim.de\/?attachment_id=58'><img loading=\"lazy\" decoding=\"async\" width=\"150\" height=\"150\" src=\"https:\/\/www.reitverein-griesheim.de\/wp-content\/uploads\/2014\/02\/HP1402-150x150.jpg\" class=\"attachment-thumbnail size-thumbnail\" alt=\"\" \/><\/a>\n\t\t\t<\/dt><\/dl><dl class='gallery-item'>\n\t\t\t<dt class='gallery-icon landscape'>\n\t\t\t\t<a href='https:\/\/www.reitverein-griesheim.de\/?attachment_id=59'><img loading=\"lazy\" decoding=\"async\" width=\"150\" height=\"150\" src=\"https:\/\/www.reitverein-griesheim.de\/wp-content\/uploads\/2014\/02\/HP27-150x150.jpg\" class=\"attachment-thumbnail size-thumbnail\" alt=\"\" \/><\/a>\n\t\t\t<\/dt><\/dl><br style=\"clear: both\" \/><dl class='gallery-item'>\n\t\t\t<dt class='gallery-icon portrait'>\n\t\t\t\t<a href='https:\/\/www.reitverein-griesheim.de\/?attachment_id=60'><img loading=\"lazy\" decoding=\"async\" width=\"150\" height=\"150\" src=\"https:\/\/www.reitverein-griesheim.de\/wp-content\/uploads\/2014\/02\/HP12021-150x150.jpg\" class=\"attachment-thumbnail size-thumbnail\" alt=\"\" \/><\/a>\n\t\t\t<\/dt><\/dl><dl class='gallery-item'>\n\t\t\t<dt class='gallery-icon landscape'>\n\t\t\t\t<a href='https:\/\/www.reitverein-griesheim.de\/?attachment_id=61'><img loading=\"lazy\" decoding=\"async\" width=\"150\" height=\"150\" src=\"https:\/\/www.reitverein-griesheim.de\/wp-content\/uploads\/2014\/02\/HP14021-150x150.jpg\" class=\"attachment-thumbnail size-thumbnail\" alt=\"\" \/><\/a>\n\t\t\t<\/dt><\/dl>\n\t\t\t<br style='clear: both' \/>\n\t\t<\/div>\n\n","protected":false},"excerpt":{"rendered":"<p>Qualifizierten Unterricht in der Dressur gibt es bis zum h\u00f6chsten Niveau. Die Reitlehrerinnen freuen sich \u00fcber engagierte Sch\u00fcler und Sch\u00fclerinnen und unterst\u00fctzen diese auch bei der Turnierteilnahme.<\/p>\n","protected":false},"author":1,"featured_media":0,"parent":0,"menu_order":0,"comment_status":"closed","ping_status":"closed","template":"","meta":{"footnotes":""},"class_list":["post-25","page","type-page","status-publish","hentry"],"publishpress_future_action":{"enabled":false,"date":"2026-04-27 17:42:42","action":"change-status","newStatus":"draft","terms":[],"taxonomy":"","extraData":[]},"publishpress_future_workflow_manual_trigger":{"enabledWorkflows":[]},"_links":{"self":[{"href":"https:\/\/www.reitverein-griesheim.de\/index.php?rest_route=\/wp\/v2\/pages\/25","targetHints":{"allow":["GET"]}}],"collection":[{"href":"https:\/\/www.reitverein-griesheim.de\/index.php?rest_route=\/wp\/v2\/pages"}],"about":[{"href":"https:\/\/www.reitverein-griesheim.de\/index.php?rest_route=\/wp\/v2\/types\/page"}],"author":[{"embeddable":true,"href":"https:\/\/www.reitverein-griesheim.de\/index.php?rest_route=\/wp\/v2\/users\/1"}],"replies":[{"embeddable":true,"href":"https:\/\/www.reitverein-griesheim.de\/index.php?rest_route=%2Fwp%2Fv2%2Fcomments&post=25"}],"version-history":[{"count":7,"href":"https:\/\/www.reitverein-griesheim.de\/index.php?rest_route=\/wp\/v2\/pages\/25\/revisions"}],"predecessor-version":[{"id":117,"href":"https:\/\/www.reitverein-griesheim.de\/index.php?rest_route=\/wp\/v2\/pages\/25\/revisions\/117"}],"wp:attachment":[{"href":"https:\/\/www.reitverein-griesheim.de\/index.php?rest_route=%2Fwp%2Fv2%2Fmedia&parent=25"}],"curies":[{"name":"wp","href":"https:\/\/api.w.org\/{rel}","templated":true}]}}