{"id":27,"date":"2014-02-05T13:44:37","date_gmt":"2014-02-05T11:44:37","guid":{"rendered":"http:\/\/www.reitverein-griesheim.de\/?page_id=27"},"modified":"2022-08-03T10:11:16","modified_gmt":"2022-08-03T08:11:16","slug":"home-2","status":"publish","type":"page","link":"https:\/\/www.reitverein-griesheim.de\/","title":{"rendered":"HOME"},"content":{"rendered":"<p>Herzlich willkommen auf der Homepage des Reit- und Fahrvereins Griesheim.<br \/>\nDer Verein wurde 1928 gegr\u00fcndet und hat heute 180 Mitglieder, davon 95 Aktive (33 Jugendliche) und 85 Passive.<br \/>\nEr verf\u00fcgt \u00fcber eine gro\u00dfz\u00fcgige Anlage, im S\u00fcden der Stadt Griesheim, direkt an der Landstra\u00dfe Richtung Pfungstadt gelegen.<br \/>\nHier gibt es f\u00fcr alle Dressur-, Spring- und Freizeitreiter mit eigenem Pferd optimale Trainingsm\u00f6glichkeiten.<\/p>\n<p>Neueste Beitr\u00e4ge: <div class=\"tpg-get-posts\" ><div class=\"tpg-get-posts-post\" ><div class=\"tpg-title-class\"><h2><a href=\"https:\/\/www.reitverein-griesheim.de\/?p=903\" >Mai-Turnier 2026<\/a><\/h2><\/div><div  class=\"tpg-byline-class\">By admin  on April 23, 2026<\/div><div class=\"tpg-content-class\"><a href=\"https:\/\/www.reitverein-griesheim.de\/?p=903\"><\/p>\n<div class=\"tpg-thumbnail-class\"><\/div>\n<p><\/a>Hier sind alle Informationen zum Turnier Mai 2026 zu finden:<\/p>\n<p><a href=\"https:\/\/www.nennung-online.de\/turnier\/ansehen\/692618002\/\">https:\/\/www.nennung-online.de\/turnier\/ansehen\/692618002\/<\/a><\/p>\n<p>Google Maps Link zum Turniergel\u00e4nde:<\/p>\n<p><a href=\"https:\/\/maps.app.goo.gl\/iB64tTtEeSxX18Rk7\">https:\/\/maps.app.goo.gl\/iB64tTtEeSxX18Rk7<\/a><\/div>\n<div class=\"tpg-metadata-class\"><span>Kommentare deaktiviert<span class=\"screen-reader-text\"> f\u00fcr Mai-Turnier 2026<\/span><\/span>&nbsp;&nbsp;|&nbsp;&nbsp;Filed under: <a href=\"https:\/\/www.reitverein-griesheim.de\/?cat=3\" title=\"View all posts in Turniere\">Turniere<\/a>&nbsp;&nbsp;|&nbsp;&nbsp;<b>Tags:<\/b> No Tag<\/div><\/div><\/div><!-- #tpg-get-posts --><\/p>\n","protected":false},"excerpt":{"rendered":"<p>Herzlich willkommen auf der Homepage des Reit- und Fahrvereins Griesheim. Der Verein wurde 1928 gegr\u00fcndet und hat heute 180 Mitglieder, davon 95 Aktive (33 Jugendliche) und 85 Passive. Er verf\u00fcgt \u00fcber eine gro\u00dfz\u00fcgige Anlage, im S\u00fcden der Stadt Griesheim, direkt &hellip; <a href=\"https:\/\/www.reitverein-griesheim.de\/\">Weiterlesen <span class=\"meta-nav\">&rarr;<\/span><\/a><\/p>\n","protected":false},"author":1,"featured_media":0,"parent":0,"menu_order":0,"comment_status":"closed","ping_status":"closed","template":"","meta":{"footnotes":""},"class_list":["post-27","page","type-page","status-publish","hentry"],"publishpress_future_action":{"enabled":false,"date":"2026-05-19 13:27:57","action":"change-status","newStatus":"draft","terms":[],"taxonomy":"","extraData":[]},"publishpress_future_workflow_manual_trigger":{"enabledWorkflows":[]},"_links":{"self":[{"href":"https:\/\/www.reitverein-griesheim.de\/index.php?rest_route=\/wp\/v2\/pages\/27","targetHints":{"allow":["GET"]}}],"collection":[{"href":"https:\/\/www.reitverein-griesheim.de\/index.php?rest_route=\/wp\/v2\/pages"}],"about":[{"href":"https:\/\/www.reitverein-griesheim.de\/index.php?rest_route=\/wp\/v2\/types\/page"}],"author":[{"embeddable":true,"href":"https:\/\/www.reitverein-griesheim.de\/index.php?rest_route=\/wp\/v2\/users\/1"}],"replies":[{"embeddable":true,"href":"https:\/\/www.reitverein-griesheim.de\/index.php?rest_route=%2Fwp%2Fv2%2Fcomments&post=27"}],"version-history":[{"count":35,"href":"https:\/\/www.reitverein-griesheim.de\/index.php?rest_route=\/wp\/v2\/pages\/27\/revisions"}],"predecessor-version":[{"id":742,"href":"https:\/\/www.reitverein-griesheim.de\/index.php?rest_route=\/wp\/v2\/pages\/27\/revisions\/742"}],"wp:attachment":[{"href":"https:\/\/www.reitverein-griesheim.de\/index.php?rest_route=%2Fwp%2Fv2%2Fmedia&parent=27"}],"curies":[{"name":"wp","href":"https:\/\/api.w.org\/{rel}","templated":true}]}}