{"id":66,"date":"2014-02-05T15:01:01","date_gmt":"2014-02-05T13:01:01","guid":{"rendered":"http:\/\/www.reitverein-griesheim.de\/?page_id=66"},"modified":"2025-03-20T12:44:33","modified_gmt":"2025-03-20T10:44:33","slug":"vorstand-2","status":"publish","type":"page","link":"https:\/\/www.reitverein-griesheim.de\/?page_id=66","title":{"rendered":"Vorstand"},"content":{"rendered":"<p>1. Vorsitzende: Friedlinde Kohl<br \/>\n2. Vorsitzende: Dr. Lisa Meinhardt<br \/>\n1. Beisitzer: Dieter H\u00f6hl<br \/>\n2. Beisitzer: Marion Engel<br \/>\n3. Beisitzer: Klaus Rothermel<br \/>\nKassenwart: Kathrin Techel<br \/>\nSchriftf\u00fchrerin: Franziska H\u00f6hl<br \/>\nVertreterin des allgemeinen Pferdesports: Doro Langohr<br \/>\nVergn\u00fcgungsausschuss: Manuela Diefenbach, Ulrike Kohl-Schuster, Marion Engel<br \/>\nBauausschuss: Martin H\u00f6hl<br \/>\nTurnierausschuss: Friedlinde Kohl, Dieter H\u00f6hl<\/p>\n<p>&nbsp;<\/p>\n","protected":false},"excerpt":{"rendered":"<p>1. Vorsitzende: Friedlinde Kohl 2. Vorsitzende: Dr. Lisa Meinhardt 1. Beisitzer: Dieter H\u00f6hl 2. Beisitzer: Marion Engel 3. Beisitzer: Klaus Rothermel Kassenwart: Kathrin Techel Schriftf\u00fchrerin: Franziska H\u00f6hl Vertreterin des allgemeinen Pferdesports: Doro Langohr Vergn\u00fcgungsausschuss: Manuela Diefenbach, Ulrike Kohl-Schuster, Marion Engel &hellip; <a href=\"https:\/\/www.reitverein-griesheim.de\/?page_id=66\">Weiterlesen <span class=\"meta-nav\">&rarr;<\/span><\/a><\/p>\n","protected":false},"author":1,"featured_media":0,"parent":0,"menu_order":0,"comment_status":"closed","ping_status":"closed","template":"","meta":{"footnotes":""},"class_list":["post-66","page","type-page","status-publish","hentry"],"publishpress_future_action":{"enabled":false,"date":"2026-04-24 04:38:05","action":"change-status","newStatus":"draft","terms":[],"taxonomy":"","extraData":[]},"publishpress_future_workflow_manual_trigger":{"enabledWorkflows":[]},"_links":{"self":[{"href":"https:\/\/www.reitverein-griesheim.de\/index.php?rest_route=\/wp\/v2\/pages\/66","targetHints":{"allow":["GET"]}}],"collection":[{"href":"https:\/\/www.reitverein-griesheim.de\/index.php?rest_route=\/wp\/v2\/pages"}],"about":[{"href":"https:\/\/www.reitverein-griesheim.de\/index.php?rest_route=\/wp\/v2\/types\/page"}],"author":[{"embeddable":true,"href":"https:\/\/www.reitverein-griesheim.de\/index.php?rest_route=\/wp\/v2\/users\/1"}],"replies":[{"embeddable":true,"href":"https:\/\/www.reitverein-griesheim.de\/index.php?rest_route=%2Fwp%2Fv2%2Fcomments&post=66"}],"version-history":[{"count":13,"href":"https:\/\/www.reitverein-griesheim.de\/index.php?rest_route=\/wp\/v2\/pages\/66\/revisions"}],"predecessor-version":[{"id":870,"href":"https:\/\/www.reitverein-griesheim.de\/index.php?rest_route=\/wp\/v2\/pages\/66\/revisions\/870"}],"wp:attachment":[{"href":"https:\/\/www.reitverein-griesheim.de\/index.php?rest_route=%2Fwp%2Fv2%2Fmedia&parent=66"}],"curies":[{"name":"wp","href":"https:\/\/api.w.org\/{rel}","templated":true}]}}